{"id":5580,"date":"2025-09-02T15:35:00","date_gmt":"2025-09-02T15:35:00","guid":{"rendered":"https:\/\/imbalstudi.com\/durabilite-chez-imbalstudi\/"},"modified":"2025-11-11T16:55:39","modified_gmt":"2025-11-11T16:55:39","slug":"durabilite-chez-imbalstudi","status":"publish","type":"page","link":"https:\/\/imbalstudi.com\/fr\/durabilite-chez-imbalstudi\/","title":{"rendered":"Durabilit\u00e9 chez Imbalstudi"},"content":{"rendered":"<p><div class=\"fusion-fullwidth fullwidth-box fusion-builder-row-1 fusion-flex-container has-pattern-background has-mask-background nonhundred-percent-fullwidth non-hundred-percent-height-scrolling\" style=\"--awb-background-position:right bottom;--awb-background-repeat:repeat-y;--awb-border-radius-top-left:0px;--awb-border-radius-top-right:0px;--awb-border-radius-bottom-right:0px;--awb-border-radius-bottom-left:0px;--awb-margin-top:100px;--awb-flex-wrap:wrap;\" ><div class=\"fusion-builder-row fusion-row fusion-flex-align-items-stretch fusion-flex-content-wrap\" style=\"max-width:1393.6px;margin-left: calc(-4% \/ 2 );margin-right: calc(-4% \/ 2 );\"><div class=\"fusion-layout-column fusion_builder_column fusion-builder-column-0 fusion_builder_column_1_1 1_1 fusion-flex-column\" style=\"--awb-bg-size:cover;--awb-width-large:100%;--awb-margin-top-large:-20px;--awb-spacing-right-large:1.92%;--awb-margin-bottom-large:20px;--awb-spacing-left-large:1.92%;--awb-width-medium:100%;--awb-order-medium:0;--awb-spacing-right-medium:1.92%;--awb-spacing-left-medium:1.92%;--awb-width-small:100%;--awb-order-small:0;--awb-spacing-right-small:1.92%;--awb-spacing-left-small:1.92%;\" data-scroll-devices=\"small-visibility,medium-visibility,large-visibility\"><div class=\"fusion-column-wrapper fusion-column-has-shadow fusion-flex-justify-content-flex-start fusion-content-layout-column\"><div class=\"fusion-text fusion-text-1\" style=\"--awb-text-transform:none;--awb-margin-top:18px;\"><p>Depuis 1945, notre passion s\u2019allie \u00e0 une responsabilit\u00e9 concr\u00e8te envers l\u2019environnement. Pour nous, la durabilit\u00e9 n\u2019est pas un objectif secondaire, mais une valeur fondamentale qui guide chaque choix de l\u2019entreprise. Certifi\u00e9s ISO 9001:2015, nous poursuivons un engagement durable en faveur de l\u2019efficacit\u00e9, de l\u2019innovation et du respect de l\u2019environnement.<\/p>\n<\/div><\/div><\/div><div class=\"fusion-layout-column fusion_builder_column fusion-builder-column-1 fusion_builder_column_2_5 2_5 fusion-flex-column\" style=\"--awb-bg-size:cover;--awb-width-large:40%;--awb-flex-shrink:offset top;--awb-margin-top-large:0px;--awb-spacing-right-large:4.8%;--awb-margin-bottom-large:0px;--awb-spacing-left-large:4.8%;--awb-width-medium:50%;--awb-order-medium:0;--awb-spacing-right-medium:3.84%;--awb-spacing-left-medium:3.84%;--awb-width-small:100%;--awb-order-small:0;--awb-spacing-right-small:1.92%;--awb-spacing-left-small:1.92%;\" data-scroll-devices=\"small-visibility,medium-visibility,large-visibility\"><div class=\"fusion-column-wrapper fusion-column-has-shadow fusion-flex-justify-content-flex-start fusion-content-layout-column\"><div style=\"--awb-popover-heading-background-color:var(--awb-color8);--awb-popover-content-background-color:var(--awb-color8);--awb-popover-text-color:var(--awb-color1);--awb-popover-border-color:var(--awb-color7);\" class=\"awb-image-hotspots awb-image-hotspots-1 md-flex-align-center\"><div class=\"awb-image-hotspots-wrapper\"><img decoding=\"async\" src=\"https:\/\/imbalstudi.com\/wp-content\/uploads\/2025\/11\/economia-circolare_fr.png\" data-orig-src=\"https:\/\/imbalstudi.com\/wp-content\/uploads\/2025\/11\/economia-circolare_fr.png\" alt=\"economia circolare_fr\" width=\"2084\" height=\"1876\" title=\"economia circolare_fr\" class=\"lazyload awb-image-hotspots-image wp-image-5619\" srcset=\"data:image\/svg+xml,%3Csvg%20xmlns%3D%27http%3A%2F%2Fwww.w3.org%2F2000%2Fsvg%27%20width%3D%272084%27%20height%3D%271876%27%20viewBox%3D%270%200%202084%201876%27%3E%3Crect%20width%3D%272084%27%20height%3D%271876%27%20fill-opacity%3D%220%22%2F%3E%3C%2Fsvg%3E\" data-srcset=\"https:\/\/imbalstudi.com\/wp-content\/uploads\/2025\/11\/economia-circolare_fr-200x180.png 200w, https:\/\/imbalstudi.com\/wp-content\/uploads\/2025\/11\/economia-circolare_fr-300x270.png 300w, https:\/\/imbalstudi.com\/wp-content\/uploads\/2025\/11\/economia-circolare_fr-400x360.png 400w, https:\/\/imbalstudi.com\/wp-content\/uploads\/2025\/11\/economia-circolare_fr-600x540.png 600w, https:\/\/imbalstudi.com\/wp-content\/uploads\/2025\/11\/economia-circolare_fr-768x691.png 768w, https:\/\/imbalstudi.com\/wp-content\/uploads\/2025\/11\/economia-circolare_fr-800x720.png 800w, https:\/\/imbalstudi.com\/wp-content\/uploads\/2025\/11\/economia-circolare_fr-1024x922.png 1024w, https:\/\/imbalstudi.com\/wp-content\/uploads\/2025\/11\/economia-circolare_fr-1200x1080.png 1200w, https:\/\/imbalstudi.com\/wp-content\/uploads\/2025\/11\/economia-circolare_fr-1320x1188.png 1320w, https:\/\/imbalstudi.com\/wp-content\/uploads\/2025\/11\/economia-circolare_fr-1536x1383.png 1536w, https:\/\/imbalstudi.com\/wp-content\/uploads\/2025\/11\/economia-circolare_fr.png 2084w\" data-sizes=\"auto\" data-orig-sizes=\"(max-width: 2084px) 100vw, 2084px\"\/><\/div><\/div><\/div><\/div><div class=\"fusion-layout-column fusion_builder_column fusion-builder-column-2 fusion_builder_column_3_5 3_5 fusion-flex-column fusion-flex-align-self-center\" style=\"--awb-padding-left:15x;--awb-bg-size:cover;--awb-width-large:60%;--awb-margin-top-large:0px;--awb-spacing-right-large:3.2%;--awb-margin-bottom-large:0px;--awb-spacing-left-large:3.2%;--awb-width-medium:50%;--awb-order-medium:0;--awb-spacing-right-medium:3.84%;--awb-spacing-left-medium:3.84%;--awb-width-small:100%;--awb-order-small:0;--awb-margin-top-small:40px;--awb-spacing-right-small:1.92%;--awb-spacing-left-small:1.92%;\"><div class=\"fusion-column-wrapper fusion-column-has-shadow fusion-flex-justify-content-flex-start fusion-content-layout-column\"><ul style=\"--awb-iconcolor:var(--awb-color5);--awb-line-height:30.6px;--awb-icon-width:30.6px;--awb-icon-height:30.6px;--awb-icon-margin:12.6px;--awb-content-margin:43.2px;\" class=\"fusion-checklist fusion-checklist-1 fusion-checklist-default type-icons\"><li class=\"fusion-li-item\" style=\"\"><span class=\"icon-wrapper circle-no\"><i class=\"fusion-li-icon caterer-tick-icon\" aria-hidden=\"true\"><\/i><\/span><div class=\"fusion-li-item-content\"><strong>Mati\u00e8res premi\u00e8res r\u00e9g\u00e9n\u00e9r\u00e9es<\/strong><br \/>\nNous r\u00e9alisons nos produits \u00e0 partir de mat\u00e9riaux recycl\u00e9s et r\u00e9g\u00e9n\u00e9r\u00e9s, contribuant \u00e0 une \u00e9conomie circulaire et limitant l\u2019utilisation de ressources vierges.<\/div><\/li><li class=\"fusion-li-item\" style=\"\"><span class=\"icon-wrapper circle-no\"><i class=\"fusion-li-icon caterer-tick-icon\" aria-hidden=\"true\"><\/i><\/span><div class=\"fusion-li-item-content\"><strong>R\u00e9cup\u00e9ration et valorisation des d\u00e9chets<\/strong><br \/>\nChaque \u00e9tape de production est optimis\u00e9e pour r\u00e9cup\u00e9rer et r\u00e9introduire les d\u00e9chets dans le cycle de fabrication, r\u00e9duisant ainsi les rejets et maximisant l\u2019efficacit\u00e9.<\/div><\/li><li class=\"fusion-li-item\" style=\"\"><span class=\"icon-wrapper circle-no\"><i class=\"fusion-li-icon caterer-tick-icon\" aria-hidden=\"true\"><\/i><\/span><div class=\"fusion-li-item-content\"><strong>Emballages r\u00e9utilisables et durables<\/strong><br \/>\nNos solutions d\u2019emballage sont con\u00e7ues pour \u00eatre r\u00e9utilisables dans le temps \u2014 un choix qui allie durabilit\u00e9 environnementale et efficacit\u00e9 \u00e9conomique pour nos clients.<br \/>\nUn exemple concret : nous fabriquons des emballages en polypropyl\u00e8ne alv\u00e9olaire, capables de remplacer les bo\u00eetes en carton jetables traditionnelles.<br \/>\nAlors que le carton a une dur\u00e9e de vie moyenne de 3 \u00e0 4 cycles, nos conteneurs peuvent \u00eatre r\u00e9utilis\u00e9s plus de 100 fois, avec une long\u00e9vit\u00e9 de plusieurs ann\u00e9es.<\/div><\/li><li class=\"fusion-li-item\" style=\"\"><span class=\"icon-wrapper circle-no\"><i class=\"fusion-li-icon caterer-tick-icon\" aria-hidden=\"true\"><\/i><\/span><div class=\"fusion-li-item-content\"><strong>Innovation durable<\/strong><br \/>\nNous d\u00e9veloppons des produits avanc\u00e9s et personnalis\u00e9s, con\u00e7us dans le respect de l\u2019environnement, tout en maintenant un haut niveau de qualit\u00e9 et en r\u00e9duisant l\u2019impact \u00e9cologique.<\/div><\/li><\/ul><\/div><\/div><\/div><\/div><div class=\"fusion-fullwidth fullwidth-box fusion-builder-row-2 fusion-flex-container has-pattern-background has-mask-background nonhundred-percent-fullwidth non-hundred-percent-height-scrolling\" style=\"--awb-border-radius-top-left:0px;--awb-border-radius-top-right:0px;--awb-border-radius-bottom-right:0px;--awb-border-radius-bottom-left:0px;--awb-margin-top:100px;--awb-flex-wrap:wrap;\" id=\"tecnologia\" ><div class=\"fusion-builder-row fusion-row fusion-flex-align-items-flex-start fusion-flex-content-wrap\" style=\"max-width:1393.6px;margin-left: calc(-4% \/ 2 );margin-right: calc(-4% \/ 2 );\"><div class=\"fusion-layout-column fusion_builder_column fusion-builder-column-3 fusion_builder_column_1_2 1_2 fusion-flex-column\" style=\"--awb-padding-right:50px;--awb-bg-size:cover;--awb-width-large:50%;--awb-margin-top-large:0px;--awb-spacing-right-large:3.84%;--awb-margin-bottom-large:0px;--awb-spacing-left-large:3.84%;--awb-width-medium:100%;--awb-order-medium:0;--awb-spacing-right-medium:1.92%;--awb-spacing-left-medium:1.92%;--awb-width-small:100%;--awb-order-small:0;--awb-spacing-right-small:1.92%;--awb-spacing-left-small:1.92%;\"><div class=\"fusion-column-wrapper fusion-column-has-shadow fusion-flex-justify-content-flex-start fusion-content-layout-column\"><div class=\"fusion-title title fusion-title-1 fusion-sep-none fusion-title-text fusion-title-size-two\" style=\"--awb-margin-top:0px;--awb-margin-bottom:0px;\"><h2 class=\"fusion-title-heading title-heading-left\" style=\"margin:0;text-transform:capitalize;\"><h2>Un chemin<br \/>vers l\u2019avenir<\/h2><\/h2><\/div><div class=\"fusion-text fusion-text-2 fusion-text-no-margin\" style=\"--awb-text-transform:none;--awb-margin-top:40px;--awb-margin-bottom:50px;\"><p>Notre engagement n\u2019est pas une finalit\u00e9, mais le d\u00e9but d\u2019un parcours d\u2019am\u00e9lioration continue.<br \/>Nous regardons vers l\u2019avenir, en adoptant des pratiques toujours plus rigoureuses et tourn\u00e9es vers le d\u00e9veloppement durable.<\/p>\n<\/div><ul style=\"--awb-margin-top:-20px;--awb-iconcolor:var(--awb-color5);--awb-line-height:30.6px;--awb-icon-width:30.6px;--awb-icon-height:30.6px;--awb-icon-margin:12.6px;--awb-content-margin:43.2px;\" class=\"fusion-checklist fusion-checklist-2 fusion-checklist-default type-icons\"><li class=\"fusion-li-item\" style=\"\"><span class=\"icon-wrapper circle-no\"><i class=\"fusion-li-icon caterer-tick-icon\" aria-hidden=\"true\"><\/i><\/span><div class=\"fusion-li-item-content\"><strong>Mati\u00e8res premi\u00e8res<\/strong><br \/>\nDonner la priorit\u00e9 aux mati\u00e8res premi\u00e8res davantage r\u00e9g\u00e9n\u00e9rables et \u00e0 faible impact environnemental.<\/div><\/li><li class=\"fusion-li-item\" style=\"\"><span class=\"icon-wrapper circle-no\"><i class=\"fusion-li-icon caterer-tick-icon\" aria-hidden=\"true\"><\/i><\/span><div class=\"fusion-li-item-content\">\n<p><strong>Recyclage interne<\/strong><br \/>\nAm\u00e9liorer le taux de recyclage interne des d\u00e9chets, en r\u00e9duisant leur mise en d\u00e9charge.<\/p>\n<\/div><\/li><li class=\"fusion-li-item\" style=\"\"><span class=\"icon-wrapper circle-no\"><i class=\"fusion-li-icon caterer-tick-icon\" aria-hidden=\"true\"><\/i><\/span><div class=\"fusion-li-item-content\"><strong>Durabilit\u00e9<\/strong><br \/>\nAugmenter la dur\u00e9e de vie des emballages r\u00e9utilisables afin de favoriser une \u00e9conomie circulaire.<\/div><\/li><li class=\"fusion-li-item\" style=\"\"><span class=\"icon-wrapper circle-no\"><i class=\"fusion-li-icon caterer-tick-icon\" aria-hidden=\"true\"><\/i><\/span><div class=\"fusion-li-item-content\"><strong>Innovation durable<\/strong><br \/>\nNous d\u00e9veloppons des produits avanc\u00e9s et personnalis\u00e9s, con\u00e7us dans le respect de l\u2019environnement, tout en maintenant un haut niveau de qualit\u00e9 et en r\u00e9duisant l\u2019impact \u00e9cologique.<\/div><\/li><li class=\"fusion-li-item\" style=\"\"><span class=\"icon-wrapper circle-no\"><i class=\"fusion-li-icon caterer-tick-icon\" aria-hidden=\"true\"><\/i><\/span><div class=\"fusion-li-item-content\"><strong>R\u00e9duction de l\u2019empreinte carbone<\/strong><br \/>\nSurveiller et r\u00e9duire progressivement l\u2019empreinte carbone de nos processus logistiques et de production, conform\u00e9ment aux nouvelles directives europ\u00e9ennes sur les emballages durables.<\/div><\/li><li class=\"fusion-li-item\" style=\"\"><span class=\"icon-wrapper circle-no\"><i class=\"fusion-li-icon caterer-tick-icon\" aria-hidden=\"true\"><\/i><\/span><div class=\"fusion-li-item-content\"><strong>Cha\u00eene de production<\/strong><br \/>\nPromouvoir la transparence et l\u2019implication des parties prenantes en partageant nos r\u00e9sultats environnementaux et en encourageant la collaboration avec nos partenaires et fournisseurs pour des actions communes b\u00e9n\u00e9fiques \u00e0 tous.<\/div><\/li><\/ul><\/div><\/div><div class=\"fusion-layout-column fusion_builder_column fusion-builder-column-4 fusion_builder_column_1_2 1_2 fusion-flex-column fusion-flex-align-self-stretch\" style=\"--awb-bg-position:center center;--awb-bg-size:cover;--awb-width-large:50%;--awb-margin-top-large:0px;--awb-spacing-right-large:3.84%;--awb-margin-bottom-large:0px;--awb-spacing-left-large:3.84%;--awb-width-medium:100%;--awb-order-medium:0;--awb-margin-top-medium:40px;--awb-spacing-right-medium:1.92%;--awb-spacing-left-medium:1.92%;--awb-width-small:100%;--awb-order-small:0;--awb-spacing-right-small:1.92%;--awb-spacing-left-small:1.92%;\" data-scroll-devices=\"small-visibility,medium-visibility,large-visibility\"><div class=\"fusion-column-wrapper lazyload fusion-column-has-shadow fusion-flex-justify-content-center fusion-content-layout-column fusion-column-has-bg-image\" data-bg-url=\"https:\/\/imbalstudi.com\/wp-content\/uploads\/2025\/02\/IMG_20241017_181408.jpg\" data-bg=\"https:\/\/imbalstudi.com\/wp-content\/uploads\/2025\/02\/IMG_20241017_181408.jpg\"><div class=\"fusion-builder-row fusion-builder-row-inner fusion-row fusion-flex-align-items-flex-start fusion-flex-content-wrap\" style=\"width:104% !important;max-width:104% !important;margin-left: calc(-4% \/ 2 );margin-right: calc(-4% \/ 2 );\"><\/div><\/div><\/div><div class=\"fusion-layout-column fusion_builder_column fusion-builder-column-5 fusion_builder_column_1_1 1_1 fusion-flex-column\" style=\"--awb-bg-size:cover;--awb-width-large:100%;--awb-margin-top-large:0px;--awb-spacing-right-large:1.92%;--awb-margin-bottom-large:20px;--awb-spacing-left-large:1.92%;--awb-width-medium:100%;--awb-order-medium:0;--awb-spacing-right-medium:1.92%;--awb-spacing-left-medium:1.92%;--awb-width-small:100%;--awb-order-small:0;--awb-spacing-right-small:1.92%;--awb-spacing-left-small:1.92%;\"><div class=\"fusion-column-wrapper fusion-column-has-shadow fusion-flex-justify-content-flex-start fusion-content-layout-column\"><div class=\"fusion-separator fusion-full-width-sep\" style=\"align-self: center;margin-left: auto;margin-right: auto;margin-top:20px;margin-bottom:20px;width:100%;\"><\/div><\/div><\/div><\/div><\/div><\/p>\n","protected":false},"excerpt":{"rendered":"","protected":false},"author":1,"featured_media":0,"parent":0,"menu_order":0,"comment_status":"closed","ping_status":"closed","template":"100-width.php","meta":{"footnotes":""},"class_list":["post-5580","page","type-page","status-publish","hentry"],"yoast_head":"<!-- This site is optimized with the Yoast SEO plugin v26.9 - https:\/\/yoast.com\/product\/yoast-seo-wordpress\/ -->\n<title>Durabilit\u00e9 chez Imbalstudi - Imbalstudi s.r.l<\/title>\n<meta name=\"description\" content=\"Depuis 1983, Imbalstudi.L\u2019histoire de notre entreprise, les r\u00eaves et les passions qui nous animent, les valeurs qui nous soutiennent.\" \/>\n<meta name=\"robots\" content=\"index, follow, max-snippet:-1, max-image-preview:large, max-video-preview:-1\" \/>\n<link rel=\"canonical\" href=\"https:\/\/imbalstudi.com\/fr\/durabilite-chez-imbalstudi\/\" \/>\n<meta property=\"og:locale\" content=\"fr_FR\" \/>\n<meta property=\"og:type\" content=\"article\" \/>\n<meta property=\"og:title\" content=\"Durabilit\u00e9 chez Imbalstudi - Imbalstudi s.r.l\" \/>\n<meta property=\"og:description\" content=\"Depuis 1983, Imbalstudi.L\u2019histoire de notre entreprise, les r\u00eaves et les passions qui nous animent, les valeurs qui nous soutiennent.\" \/>\n<meta property=\"og:url\" content=\"https:\/\/imbalstudi.com\/fr\/durabilite-chez-imbalstudi\/\" \/>\n<meta property=\"og:site_name\" content=\"Imbalstudi s.r.l\" \/>\n<meta property=\"article:modified_time\" content=\"2025-11-11T16:55:39+00:00\" \/>\n<meta property=\"og:image\" content=\"https:\/\/imbalstudi.com\/wp-content\/uploads\/2025\/06\/Screenshot-2025-06-02-alle-12.42.59.png\" \/>\n\t<meta property=\"og:image:width\" content=\"1200\" \/>\n\t<meta property=\"og:image:height\" content=\"600\" \/>\n\t<meta property=\"og:image:type\" content=\"image\/png\" \/>\n<meta name=\"twitter:card\" content=\"summary_large_image\" \/>\n<meta name=\"twitter:label1\" content=\"Dur\u00e9e de lecture estim\u00e9e\" \/>\n\t<meta name=\"twitter:data1\" content=\"3 minutes\" \/>\n<script type=\"application\/ld+json\" class=\"yoast-schema-graph\">{\"@context\":\"https:\/\/schema.org\",\"@graph\":[{\"@type\":\"WebPage\",\"@id\":\"https:\/\/imbalstudi.com\/fr\/durabilite-chez-imbalstudi\/\",\"url\":\"https:\/\/imbalstudi.com\/fr\/durabilite-chez-imbalstudi\/\",\"name\":\"Durabilit\u00e9 chez Imbalstudi - Imbalstudi s.r.l\",\"isPartOf\":{\"@id\":\"https:\/\/imbalstudi.com\/#website\"},\"datePublished\":\"2025-09-02T15:35:00+00:00\",\"dateModified\":\"2025-11-11T16:55:39+00:00\",\"description\":\"Depuis 1983, Imbalstudi.L\u2019histoire de notre entreprise, les r\u00eaves et les passions qui nous animent, les valeurs qui nous soutiennent.\",\"breadcrumb\":{\"@id\":\"https:\/\/imbalstudi.com\/fr\/durabilite-chez-imbalstudi\/#breadcrumb\"},\"inLanguage\":\"fr-FR\",\"potentialAction\":[{\"@type\":\"ReadAction\",\"target\":[\"https:\/\/imbalstudi.com\/fr\/durabilite-chez-imbalstudi\/\"]}]},{\"@type\":\"BreadcrumbList\",\"@id\":\"https:\/\/imbalstudi.com\/fr\/durabilite-chez-imbalstudi\/#breadcrumb\",\"itemListElement\":[{\"@type\":\"ListItem\",\"position\":1,\"name\":\"Home\",\"item\":\"https:\/\/imbalstudi.com\/fr\/\"},{\"@type\":\"ListItem\",\"position\":2,\"name\":\"Durabilit\u00e9 chez Imbalstudi\"}]},{\"@type\":\"WebSite\",\"@id\":\"https:\/\/imbalstudi.com\/#website\",\"url\":\"https:\/\/imbalstudi.com\/\",\"name\":\"Imbalstudi s.r.l\",\"description\":\"Packaging industriale e stampaggio materie plastiche su misura\",\"publisher\":{\"@id\":\"https:\/\/imbalstudi.com\/#organization\"},\"potentialAction\":[{\"@type\":\"SearchAction\",\"target\":{\"@type\":\"EntryPoint\",\"urlTemplate\":\"https:\/\/imbalstudi.com\/?s={search_term_string}\"},\"query-input\":{\"@type\":\"PropertyValueSpecification\",\"valueRequired\":true,\"valueName\":\"search_term_string\"}}],\"inLanguage\":\"fr-FR\"},{\"@type\":\"Organization\",\"@id\":\"https:\/\/imbalstudi.com\/#organization\",\"name\":\"Imbalstudi s.r.l\",\"url\":\"https:\/\/imbalstudi.com\/\",\"logo\":{\"@type\":\"ImageObject\",\"inLanguage\":\"fr-FR\",\"@id\":\"https:\/\/imbalstudi.com\/#\/schema\/logo\/image\/\",\"url\":\"https:\/\/imbalstudi.com\/wp-content\/uploads\/2025\/02\/logo-Imbalstudi-blue-nuovo_IM-Logo-Col.-Grande.png\",\"contentUrl\":\"https:\/\/imbalstudi.com\/wp-content\/uploads\/2025\/02\/logo-Imbalstudi-blue-nuovo_IM-Logo-Col.-Grande.png\",\"width\":4186,\"height\":1081,\"caption\":\"Imbalstudi s.r.l\"},\"image\":{\"@id\":\"https:\/\/imbalstudi.com\/#\/schema\/logo\/image\/\"},\"sameAs\":[\"https:\/\/www.linkedin.com\/company\/imbalstudi\/\"]}]}<\/script>\n<!-- \/ Yoast SEO plugin. -->","yoast_head_json":{"title":"Durabilit\u00e9 chez Imbalstudi - Imbalstudi s.r.l","description":"Depuis 1983, Imbalstudi.L\u2019histoire de notre entreprise, les r\u00eaves et les passions qui nous animent, les valeurs qui nous soutiennent.","robots":{"index":"index","follow":"follow","max-snippet":"max-snippet:-1","max-image-preview":"max-image-preview:large","max-video-preview":"max-video-preview:-1"},"canonical":"https:\/\/imbalstudi.com\/fr\/durabilite-chez-imbalstudi\/","og_locale":"fr_FR","og_type":"article","og_title":"Durabilit\u00e9 chez Imbalstudi - Imbalstudi s.r.l","og_description":"Depuis 1983, Imbalstudi.L\u2019histoire de notre entreprise, les r\u00eaves et les passions qui nous animent, les valeurs qui nous soutiennent.","og_url":"https:\/\/imbalstudi.com\/fr\/durabilite-chez-imbalstudi\/","og_site_name":"Imbalstudi s.r.l","article_modified_time":"2025-11-11T16:55:39+00:00","og_image":[{"width":1200,"height":600,"url":"https:\/\/imbalstudi.com\/wp-content\/uploads\/2025\/06\/Screenshot-2025-06-02-alle-12.42.59.png","type":"image\/png"}],"twitter_card":"summary_large_image","twitter_misc":{"Dur\u00e9e de lecture estim\u00e9e":"3 minutes"},"schema":{"@context":"https:\/\/schema.org","@graph":[{"@type":"WebPage","@id":"https:\/\/imbalstudi.com\/fr\/durabilite-chez-imbalstudi\/","url":"https:\/\/imbalstudi.com\/fr\/durabilite-chez-imbalstudi\/","name":"Durabilit\u00e9 chez Imbalstudi - Imbalstudi s.r.l","isPartOf":{"@id":"https:\/\/imbalstudi.com\/#website"},"datePublished":"2025-09-02T15:35:00+00:00","dateModified":"2025-11-11T16:55:39+00:00","description":"Depuis 1983, Imbalstudi.L\u2019histoire de notre entreprise, les r\u00eaves et les passions qui nous animent, les valeurs qui nous soutiennent.","breadcrumb":{"@id":"https:\/\/imbalstudi.com\/fr\/durabilite-chez-imbalstudi\/#breadcrumb"},"inLanguage":"fr-FR","potentialAction":[{"@type":"ReadAction","target":["https:\/\/imbalstudi.com\/fr\/durabilite-chez-imbalstudi\/"]}]},{"@type":"BreadcrumbList","@id":"https:\/\/imbalstudi.com\/fr\/durabilite-chez-imbalstudi\/#breadcrumb","itemListElement":[{"@type":"ListItem","position":1,"name":"Home","item":"https:\/\/imbalstudi.com\/fr\/"},{"@type":"ListItem","position":2,"name":"Durabilit\u00e9 chez Imbalstudi"}]},{"@type":"WebSite","@id":"https:\/\/imbalstudi.com\/#website","url":"https:\/\/imbalstudi.com\/","name":"Imbalstudi s.r.l","description":"Packaging industriale e stampaggio materie plastiche su misura","publisher":{"@id":"https:\/\/imbalstudi.com\/#organization"},"potentialAction":[{"@type":"SearchAction","target":{"@type":"EntryPoint","urlTemplate":"https:\/\/imbalstudi.com\/?s={search_term_string}"},"query-input":{"@type":"PropertyValueSpecification","valueRequired":true,"valueName":"search_term_string"}}],"inLanguage":"fr-FR"},{"@type":"Organization","@id":"https:\/\/imbalstudi.com\/#organization","name":"Imbalstudi s.r.l","url":"https:\/\/imbalstudi.com\/","logo":{"@type":"ImageObject","inLanguage":"fr-FR","@id":"https:\/\/imbalstudi.com\/#\/schema\/logo\/image\/","url":"https:\/\/imbalstudi.com\/wp-content\/uploads\/2025\/02\/logo-Imbalstudi-blue-nuovo_IM-Logo-Col.-Grande.png","contentUrl":"https:\/\/imbalstudi.com\/wp-content\/uploads\/2025\/02\/logo-Imbalstudi-blue-nuovo_IM-Logo-Col.-Grande.png","width":4186,"height":1081,"caption":"Imbalstudi s.r.l"},"image":{"@id":"https:\/\/imbalstudi.com\/#\/schema\/logo\/image\/"},"sameAs":["https:\/\/www.linkedin.com\/company\/imbalstudi\/"]}]}},"_links":{"self":[{"href":"https:\/\/imbalstudi.com\/fr\/wp-json\/wp\/v2\/pages\/5580","targetHints":{"allow":["GET"]}}],"collection":[{"href":"https:\/\/imbalstudi.com\/fr\/wp-json\/wp\/v2\/pages"}],"about":[{"href":"https:\/\/imbalstudi.com\/fr\/wp-json\/wp\/v2\/types\/page"}],"author":[{"embeddable":true,"href":"https:\/\/imbalstudi.com\/fr\/wp-json\/wp\/v2\/users\/1"}],"replies":[{"embeddable":true,"href":"https:\/\/imbalstudi.com\/fr\/wp-json\/wp\/v2\/comments?post=5580"}],"version-history":[{"count":3,"href":"https:\/\/imbalstudi.com\/fr\/wp-json\/wp\/v2\/pages\/5580\/revisions"}],"predecessor-version":[{"id":5630,"href":"https:\/\/imbalstudi.com\/fr\/wp-json\/wp\/v2\/pages\/5580\/revisions\/5630"}],"wp:attachment":[{"href":"https:\/\/imbalstudi.com\/fr\/wp-json\/wp\/v2\/media?parent=5580"}],"curies":[{"name":"wp","href":"https:\/\/api.w.org\/{rel}","templated":true}]}}