{"id":4994,"date":"2025-06-27T08:25:08","date_gmt":"2025-06-27T08:25:08","guid":{"rendered":"https:\/\/imbalstudi.com\/section-media-videos\/"},"modified":"2025-09-02T13:36:13","modified_gmt":"2025-09-02T13:36:13","slug":"section-media-videos","status":"publish","type":"page","link":"https:\/\/imbalstudi.com\/fr\/section-media-videos\/","title":{"rendered":"Section M\u00e9dia \u2013 Vid\u00e9os"},"content":{"rendered":"<p><div class=\"fusion-fullwidth fullwidth-box fusion-builder-row-1 fusion-flex-container has-pattern-background has-mask-background nonhundred-percent-fullwidth non-hundred-percent-height-scrolling\" style=\"--awb-border-radius-top-left:0px;--awb-border-radius-top-right:0px;--awb-border-radius-bottom-right:0px;--awb-border-radius-bottom-left:0px;--awb-margin-top:50px;--awb-flex-wrap:wrap;\" ><div class=\"fusion-builder-row fusion-row fusion-flex-align-items-flex-start fusion-flex-justify-content-center fusion-flex-content-wrap\" style=\"max-width:1393.6px;margin-left: calc(-4% \/ 2 );margin-right: calc(-4% \/ 2 );\"><div class=\"fusion-layout-column fusion_builder_column fusion-builder-column-0 fusion_builder_column_1_1 1_1 fusion-flex-column\" style=\"--awb-padding-right:20px;--awb-padding-left:20px;--awb-bg-size:cover;--awb-width-large:100%;--awb-margin-top-large:0px;--awb-spacing-right-large:1.92%;--awb-margin-bottom-large:60px;--awb-spacing-left-large:1.92%;--awb-width-medium:100%;--awb-order-medium:0;--awb-spacing-right-medium:1.92%;--awb-spacing-left-medium:1.92%;--awb-width-small:100%;--awb-order-small:0;--awb-spacing-right-small:1.92%;--awb-spacing-left-small:1.92%;\"><div class=\"fusion-column-wrapper fusion-column-has-shadow fusion-flex-justify-content-flex-start fusion-content-layout-column\"><div class=\"fusion-builder-row fusion-builder-row-inner fusion-row fusion-flex-align-items-flex-start fusion-flex-justify-content-center fusion-flex-content-wrap\" style=\"width:104% !important;max-width:104% !important;margin-left: calc(-4% \/ 2 );margin-right: calc(-4% \/ 2 );\"><div class=\"fusion-layout-column fusion_builder_column_inner fusion-builder-nested-column-0 fusion_builder_column_inner_1_1 1_1 fusion-flex-column\" style=\"--awb-bg-size:cover;--awb-width-large:100%;--awb-margin-top-large:0px;--awb-spacing-right-large:1.92%;--awb-margin-bottom-large:0px;--awb-spacing-left-large:1.92%;--awb-width-medium:100%;--awb-order-medium:0;--awb-spacing-right-medium:1.92%;--awb-spacing-left-medium:1.92%;--awb-width-small:100%;--awb-order-small:0;--awb-spacing-right-small:1.92%;--awb-spacing-left-small:1.92%;\"><div class=\"fusion-column-wrapper fusion-column-has-shadow fusion-flex-justify-content-center fusion-content-layout-row\"><div class=\"fusion-image-element \" style=\"--awb-max-width:40px;--awb-caption-title-font-family:var(--h2_typography-font-family);--awb-caption-title-font-weight:var(--h2_typography-font-weight);--awb-caption-title-font-style:var(--h2_typography-font-style);--awb-caption-title-size:var(--h2_typography-font-size);--awb-caption-title-transform:var(--h2_typography-text-transform);--awb-caption-title-line-height:var(--h2_typography-line-height);--awb-caption-title-letter-spacing:var(--h2_typography-letter-spacing);\"><span class=\" fusion-imageframe imageframe-none imageframe-1 hover-type-none\"><img decoding=\"async\" width=\"369\" height=\"335\" alt=\"logo Imbalstudi blue nuovo \" title=\"logo Imbalstudi blue nuovo_Logo IM Col.02\" src=\"https:\/\/imbalstudi.com\/wp-content\/uploads\/2025\/02\/logo-Imbalstudi-blue-nuovo_Logo-IM-Col.02.png\" data-orig-src=\"https:\/\/imbalstudi.com\/wp-content\/uploads\/2025\/02\/logo-Imbalstudi-blue-nuovo_Logo-IM-Col.02.png\" class=\"lazyload img-responsive wp-image-2946\" srcset=\"data:image\/svg+xml,%3Csvg%20xmlns%3D%27http%3A%2F%2Fwww.w3.org%2F2000%2Fsvg%27%20width%3D%27369%27%20height%3D%27335%27%20viewBox%3D%270%200%20369%20335%27%3E%3Crect%20width%3D%27369%27%20height%3D%27335%27%20fill-opacity%3D%220%22%2F%3E%3C%2Fsvg%3E\" data-srcset=\"https:\/\/imbalstudi.com\/wp-content\/uploads\/2025\/02\/logo-Imbalstudi-blue-nuovo_Logo-IM-Col.02-200x182.png 200w, https:\/\/imbalstudi.com\/wp-content\/uploads\/2025\/02\/logo-Imbalstudi-blue-nuovo_Logo-IM-Col.02.png 369w\" data-sizes=\"auto\" data-orig-sizes=\"(max-width: 800px) 100vw, 369px\" \/><\/span><\/div><div class=\"fusion-text fusion-text-1\" style=\"--awb-font-size:var(--awb-typography2-font-size);--awb-line-height:var(--awb-typography2-line-height);--awb-letter-spacing:var(--awb-typography2-letter-spacing);--awb-text-transform:var(--awb-typography2-text-transform);--awb-text-font-family:var(--awb-typography2-font-family);--awb-text-font-weight:var(--awb-typography2-font-weight);--awb-text-font-style:var(--awb-typography2-font-style);\"><p>VIDEO &#8211; Section M\u00e9dia<\/p>\n<\/div><\/div><\/div><\/div><div class=\"fusion-title title fusion-title-1 fusion-sep-none fusion-title-center fusion-title-text fusion-title-size-three\"><h3 class=\"fusion-title-heading title-heading-center\" style=\"margin:0;text-transform:capitalize;line-height:1.5;\">La Biblioth\u00e8que Vid\u00e9o d\u2019Imbalstudi<\/h3><\/div><div class=\"fusion-text fusion-text-2\"><p>Bienvenue dans la galerie multim\u00e9dia d\u2019Imbalstudi !<br \/>\nIci, vous pouvez explorer une s\u00e9lection de vid\u00e9os qui illustrent notre engagement envers l\u2019innovation et l\u2019excellence dans l\u2019emballage industriel et le moulage des mati\u00e8res plastiques. Laissez-vous inspirer par notre galerie multim\u00e9dia et contactez-nous pour en savoir plus sur la fa\u00e7on dont Imbalstudi peut vous aider \u00e0 r\u00e9aliser vos projets.<\/p>\n<\/div><\/div><\/div><\/div><\/div><div class=\"fusion-fullwidth fullwidth-box fusion-builder-row-2 fusion-flex-container has-pattern-background has-mask-background nonhundred-percent-fullwidth non-hundred-percent-height-scrolling\" style=\"--awb-border-radius-top-left:0px;--awb-border-radius-top-right:0px;--awb-border-radius-bottom-right:0px;--awb-border-radius-bottom-left:0px;--awb-margin-bottom:50px;--awb-flex-wrap:wrap;\" ><div class=\"fusion-builder-row fusion-row fusion-flex-align-items-flex-start fusion-flex-content-wrap\" style=\"max-width:1393.6px;margin-left: calc(-4% \/ 2 );margin-right: calc(-4% \/ 2 );\"><div class=\"fusion-layout-column fusion_builder_column fusion-builder-column-1 fusion_builder_column_1_2 1_2 fusion-flex-column fusion-flex-align-self-stretch\" style=\"--awb-overflow:hidden;--awb-bg-size:cover;--awb-box-shadow:0px 0px 25px 15px rgba(34,34,34,0.18);;--awb-border-color:var(--awb-color3);--awb-border-top:1px;--awb-border-right:1px;--awb-border-bottom:1px;--awb-border-left:1px;--awb-border-style:solid;--awb-border-radius:15px 15px 15px 15px;--awb-width-large:50%;--awb-margin-top-large:0px;--awb-spacing-right-large:3.84%;--awb-margin-bottom-large:20px;--awb-spacing-left-large:3.84%;--awb-width-medium:50%;--awb-order-medium:0;--awb-spacing-right-medium:3.84%;--awb-spacing-left-medium:3.84%;--awb-width-small:100%;--awb-order-small:0;--awb-spacing-right-small:1.92%;--awb-spacing-left-small:1.92%;\" data-scroll-devices=\"small-visibility,medium-visibility,large-visibility\"><div class=\"fusion-column-wrapper fusion-column-has-shadow fusion-flex-justify-content-flex-start fusion-content-layout-column\"><div class=\"fusion-video fusion-vimeo\" style=\"--awb-max-width:600px;--awb-max-height:360px;--awb-align-self:center;--awb-width:100%;--awb-margin-top:10px;--awb-margin-bottom:10px;\"><div class=\"video-shortcode\"><div class=\"fluid-width-video-wrapper\" style=\"padding-top:60%;\" ><iframe class=\"lazyload\" title=\"Vimeo video player 1\" src=\"data:image\/svg+xml,%3Csvg%20xmlns%3D%27http%3A%2F%2Fwww.w3.org%2F2000%2Fsvg%27%20width%3D%27600%27%20height%3D%27360%27%20viewBox%3D%270%200%20600%20360%27%3E%3Crect%20width%3D%27600%27%20height%3D%27360%27%20fill-opacity%3D%220%22%2F%3E%3C%2Fsvg%3E\" data-orig-src=\"https:\/\/player.vimeo.com\/video\/1082898483?autoplay=0&amp;autopause=0\" width=\"600\" height=\"360\" allowfullscreen allow=\"autoplay; fullscreen\"><\/iframe><\/div><\/div><\/div><div class=\"fusion-builder-row fusion-builder-row-inner fusion-row fusion-flex-align-items-flex-start fusion-flex-content-wrap\" style=\"width:104% !important;max-width:104% !important;margin-left: calc(-4% \/ 2 );margin-right: calc(-4% \/ 2 );\"><div class=\"fusion-layout-column fusion_builder_column_inner fusion-builder-nested-column-1 fusion_builder_column_inner_1_1 1_1 fusion-flex-column\" style=\"--awb-padding-top:10px;--awb-padding-right:45px;--awb-padding-bottom:45px;--awb-padding-left:45px;--awb-bg-size:cover;--awb-width-large:100%;--awb-margin-top-large:0px;--awb-spacing-right-large:1.92%;--awb-margin-bottom-large:20px;--awb-spacing-left-large:1.92%;--awb-width-medium:100%;--awb-order-medium:0;--awb-spacing-right-medium:1.92%;--awb-spacing-left-medium:1.92%;--awb-width-small:100%;--awb-order-small:0;--awb-spacing-right-small:1.92%;--awb-spacing-left-small:1.92%;\" data-scroll-devices=\"small-visibility,medium-visibility,large-visibility\"><div class=\"fusion-column-wrapper fusion-column-has-shadow fusion-flex-justify-content-flex-start fusion-content-layout-column\"><div class=\"fusion-title title fusion-title-2 fusion-sep-none fusion-title-text fusion-title-size-div\" style=\"--awb-text-color:var(--awb-color5);\"><div class=\"fusion-title-heading title-heading-left title-heading-tag\" style=\"font-family:&quot;Rubik&quot;;font-style:normal;font-weight:600;margin:0;text-transform:uppercase;\"><i class=\"fas fa-video\"><\/i> Vid\u00e9os<\/div><\/div><div class=\"fusion-title title fusion-title-3 fusion-sep-none fusion-title-text fusion-title-size-five\"><h5 class=\"fusion-title-heading title-heading-left\" style=\"margin:0;text-transform:capitalize;\">Un guide de notre nouveau site<\/h5><\/div><div class=\"fusion-text fusion-text-3\"><p>Vous venez de commencer \u00e0 naviguer sur notre nouveau site Imbalstudi? Voici un bref guide de toutes les nouveaut\u00e9s.<\/p>\n<\/div><\/div><\/div><\/div><\/div><\/div><div class=\"fusion-layout-column fusion_builder_column fusion-builder-column-2 fusion_builder_column_1_2 1_2 fusion-flex-column fusion-flex-align-self-stretch\" style=\"--awb-overflow:hidden;--awb-bg-size:cover;--awb-box-shadow:0px 0px 25px 15px rgba(34,34,34,0.18);;--awb-border-color:var(--awb-color3);--awb-border-top:1px;--awb-border-right:1px;--awb-border-bottom:1px;--awb-border-left:1px;--awb-border-style:solid;--awb-border-radius:15px 15px 15px 15px;--awb-width-large:50%;--awb-margin-top-large:0px;--awb-spacing-right-large:3.84%;--awb-margin-bottom-large:20px;--awb-spacing-left-large:3.84%;--awb-width-medium:50%;--awb-order-medium:0;--awb-spacing-right-medium:3.84%;--awb-spacing-left-medium:3.84%;--awb-width-small:100%;--awb-order-small:0;--awb-spacing-right-small:1.92%;--awb-spacing-left-small:1.92%;\" data-scroll-devices=\"small-visibility,medium-visibility,large-visibility\"><div class=\"fusion-column-wrapper fusion-column-has-shadow fusion-flex-justify-content-flex-start fusion-content-layout-column\"><div class=\"fusion-video fusion-vimeo\" style=\"--awb-max-width:600px;--awb-max-height:360px;--awb-align-self:center;--awb-width:100%;--awb-margin-top:10px;--awb-margin-bottom:10px;\"><div class=\"video-shortcode\"><div class=\"fluid-width-video-wrapper\" style=\"padding-top:60%;\" ><iframe class=\"lazyload\" title=\"Vimeo video player 2\" src=\"data:image\/svg+xml,%3Csvg%20xmlns%3D%27http%3A%2F%2Fwww.w3.org%2F2000%2Fsvg%27%20width%3D%27600%27%20height%3D%27360%27%20viewBox%3D%270%200%20600%20360%27%3E%3Crect%20width%3D%27600%27%20height%3D%27360%27%20fill-opacity%3D%220%22%2F%3E%3C%2Fsvg%3E\" data-orig-src=\"https:\/\/player.vimeo.com\/video\/1071735474?autoplay=0&amp;autopause=0\" width=\"600\" height=\"360\" allowfullscreen allow=\"autoplay; fullscreen\"><\/iframe><\/div><\/div><\/div><div class=\"fusion-builder-row fusion-builder-row-inner fusion-row fusion-flex-align-items-flex-start fusion-flex-content-wrap\" style=\"width:104% !important;max-width:104% !important;margin-left: calc(-4% \/ 2 );margin-right: calc(-4% \/ 2 );\"><div class=\"fusion-layout-column fusion_builder_column_inner fusion-builder-nested-column-2 fusion_builder_column_inner_1_1 1_1 fusion-flex-column\" style=\"--awb-padding-top:10px;--awb-padding-right:45px;--awb-padding-bottom:45px;--awb-padding-left:45px;--awb-bg-size:cover;--awb-width-large:100%;--awb-margin-top-large:0px;--awb-spacing-right-large:1.92%;--awb-margin-bottom-large:20px;--awb-spacing-left-large:1.92%;--awb-width-medium:100%;--awb-order-medium:0;--awb-spacing-right-medium:1.92%;--awb-spacing-left-medium:1.92%;--awb-width-small:100%;--awb-order-small:0;--awb-spacing-right-small:1.92%;--awb-spacing-left-small:1.92%;\" data-scroll-devices=\"small-visibility,medium-visibility,large-visibility\"><div class=\"fusion-column-wrapper fusion-column-has-shadow fusion-flex-justify-content-flex-start fusion-content-layout-column\"><div class=\"fusion-title title fusion-title-4 fusion-sep-none fusion-title-text fusion-title-size-div\" style=\"--awb-text-color:var(--awb-color5);\"><div class=\"fusion-title-heading title-heading-left title-heading-tag\" style=\"font-family:&quot;Rubik&quot;;font-style:normal;font-weight:600;margin:0;text-transform:uppercase;\"><i class=\"fas fa-video\"><\/i> Vid\u00e9os<\/div><\/div><div class=\"fusion-title title fusion-title-5 fusion-sep-none fusion-title-text fusion-title-size-five\"><h5 class=\"fusion-title-heading title-heading-left\" style=\"margin:0;text-transform:capitalize;\">Joyeuses P\u00e2ques de la part d\u2019Imbalstudi<\/h5><\/div><div class=\"fusion-text fusion-text-4\"><p>Cette ann\u00e9e encore, P\u00e2ques est l\u2019occasion parfaite de faire une pause et de regarder vers l\u2019avenir avec une \u00e9nergie renouvel\u00e9e.<\/p>\n<\/div><\/div><\/div><\/div><\/div><\/div><div class=\"fusion-layout-column fusion_builder_column fusion-builder-column-3 fusion_builder_column_1_2 1_2 fusion-flex-column fusion-flex-align-self-stretch\" style=\"--awb-overflow:hidden;--awb-bg-size:cover;--awb-box-shadow:0px 0px 25px 15px rgba(34,34,34,0.18);;--awb-border-color:var(--awb-color3);--awb-border-top:1px;--awb-border-right:1px;--awb-border-bottom:1px;--awb-border-left:1px;--awb-border-style:solid;--awb-border-radius:15px 15px 15px 15px;--awb-width-large:50%;--awb-margin-top-large:0px;--awb-spacing-right-large:3.84%;--awb-margin-bottom-large:20px;--awb-spacing-left-large:3.84%;--awb-width-medium:50%;--awb-order-medium:0;--awb-spacing-right-medium:3.84%;--awb-spacing-left-medium:3.84%;--awb-width-small:100%;--awb-order-small:0;--awb-spacing-right-small:1.92%;--awb-spacing-left-small:1.92%;\" data-scroll-devices=\"small-visibility,medium-visibility,large-visibility\"><div class=\"fusion-column-wrapper fusion-column-has-shadow fusion-flex-justify-content-flex-start fusion-content-layout-column\"><div class=\"fusion-video fusion-vimeo\" style=\"--awb-max-width:600px;--awb-max-height:360px;--awb-align-self:center;--awb-width:100%;--awb-margin-top:10px;\"><div class=\"video-shortcode\"><div class=\"fluid-width-video-wrapper\" style=\"padding-top:60%;\" ><iframe class=\"lazyload\" title=\"Vimeo video player 3\" src=\"data:image\/svg+xml,%3Csvg%20xmlns%3D%27http%3A%2F%2Fwww.w3.org%2F2000%2Fsvg%27%20width%3D%27600%27%20height%3D%27360%27%20viewBox%3D%270%200%20600%20360%27%3E%3Crect%20width%3D%27600%27%20height%3D%27360%27%20fill-opacity%3D%220%22%2F%3E%3C%2Fsvg%3E\" data-orig-src=\"https:\/\/player.vimeo.com\/video\/1058550976?autoplay=0&amp;autopause=0\" width=\"600\" height=\"360\" allowfullscreen allow=\"autoplay; fullscreen\"><\/iframe><\/div><\/div><\/div><div class=\"fusion-builder-row fusion-builder-row-inner fusion-row fusion-flex-align-items-flex-start fusion-flex-content-wrap\" style=\"width:104% !important;max-width:104% !important;margin-left: calc(-4% \/ 2 );margin-right: calc(-4% \/ 2 );\"><div class=\"fusion-layout-column fusion_builder_column_inner fusion-builder-nested-column-3 fusion_builder_column_inner_1_1 1_1 fusion-flex-column\" style=\"--awb-padding-top:10px;--awb-padding-right:45px;--awb-padding-bottom:45px;--awb-padding-left:45px;--awb-bg-size:cover;--awb-width-large:100%;--awb-margin-top-large:0px;--awb-spacing-right-large:1.92%;--awb-margin-bottom-large:20px;--awb-spacing-left-large:1.92%;--awb-width-medium:100%;--awb-order-medium:0;--awb-spacing-right-medium:1.92%;--awb-spacing-left-medium:1.92%;--awb-width-small:100%;--awb-order-small:0;--awb-spacing-right-small:1.92%;--awb-spacing-left-small:1.92%;\" data-scroll-devices=\"small-visibility,medium-visibility,large-visibility\"><div class=\"fusion-column-wrapper fusion-column-has-shadow fusion-flex-justify-content-flex-start fusion-content-layout-column\"><div class=\"fusion-title title fusion-title-6 fusion-sep-none fusion-title-text fusion-title-size-div\" style=\"--awb-text-color:var(--awb-color5);\"><div class=\"fusion-title-heading title-heading-left title-heading-tag\" style=\"font-family:&quot;Rubik&quot;;font-style:normal;font-weight:600;margin:0;text-transform:uppercase;\"><i class=\"fas fa-video\"><\/i> Vid\u00e9os<\/div><\/div><div class=\"fusion-title title fusion-title-7 fusion-sep-none fusion-title-text fusion-title-size-five\"><h5 class=\"fusion-title-heading title-heading-left\" style=\"margin:0;text-transform:capitalize;\">A&amp;T 2025, Turin \u2013 La pr\u00e9sence d\u2019Imbalstudi<\/h5><\/div><div class=\"fusion-text fusion-text-5\"><p>Une courte vid\u00e9o r\u00e9sumant les impressions de notre pr\u00e9sence \u00e0 ce salon important pour la ville de Turin.<\/p>\n<\/div><\/div><\/div><\/div><\/div><\/div><\/div><\/div><\/p>\n","protected":false},"excerpt":{"rendered":"","protected":false},"author":1,"featured_media":0,"parent":0,"menu_order":0,"comment_status":"closed","ping_status":"closed","template":"100-width.php","meta":{"footnotes":""},"class_list":["post-4994","page","type-page","status-publish","hentry"],"yoast_head":"<!-- This site is optimized with the Yoast SEO plugin v26.9 - https:\/\/yoast.com\/product\/yoast-seo-wordpress\/ -->\n<title>Area Media - Les vid\u00e9o d&#039;Imbalstudi<\/title>\n<meta name=\"description\" content=\"Vid\u00e9os d\u2019Imbalstudi : pour d\u00e9couvrir notre engagement envers l\u2019innovation et l\u2019excellence dans l\u2019emballage industriel et le moulage des plastiques.\" \/>\n<meta name=\"robots\" content=\"index, follow, max-snippet:-1, max-image-preview:large, max-video-preview:-1\" \/>\n<link rel=\"canonical\" href=\"https:\/\/imbalstudi.com\/fr\/section-media-videos\/\" \/>\n<meta property=\"og:locale\" content=\"fr_FR\" \/>\n<meta property=\"og:type\" content=\"article\" \/>\n<meta property=\"og:title\" content=\"Area Media - Les vid\u00e9o d&#039;Imbalstudi\" \/>\n<meta property=\"og:description\" content=\"Vid\u00e9os d\u2019Imbalstudi : pour d\u00e9couvrir notre engagement envers l\u2019innovation et l\u2019excellence dans l\u2019emballage industriel et le moulage des plastiques.\" \/>\n<meta property=\"og:url\" content=\"https:\/\/imbalstudi.com\/fr\/section-media-videos\/\" \/>\n<meta property=\"og:site_name\" content=\"Imbalstudi s.r.l\" \/>\n<meta property=\"article:modified_time\" content=\"2025-09-02T13:36:13+00:00\" \/>\n<meta property=\"og:image\" content=\"https:\/\/imbalstudi.com\/wp-content\/uploads\/2025\/06\/Screenshot-2025-06-02-alle-12.42.59.png\" \/>\n\t<meta property=\"og:image:width\" content=\"1200\" \/>\n\t<meta property=\"og:image:height\" content=\"600\" \/>\n\t<meta property=\"og:image:type\" content=\"image\/png\" \/>\n<meta name=\"twitter:card\" content=\"summary_large_image\" \/>\n<meta name=\"twitter:label1\" content=\"Dur\u00e9e de lecture estim\u00e9e\" \/>\n\t<meta name=\"twitter:data1\" content=\"2 minutes\" \/>\n<script type=\"application\/ld+json\" class=\"yoast-schema-graph\">{\"@context\":\"https:\/\/schema.org\",\"@graph\":[{\"@type\":\"WebPage\",\"@id\":\"https:\/\/imbalstudi.com\/fr\/section-media-videos\/\",\"url\":\"https:\/\/imbalstudi.com\/fr\/section-media-videos\/\",\"name\":\"Area Media - Les vid\u00e9o d'Imbalstudi\",\"isPartOf\":{\"@id\":\"https:\/\/imbalstudi.com\/#website\"},\"datePublished\":\"2025-06-27T08:25:08+00:00\",\"dateModified\":\"2025-09-02T13:36:13+00:00\",\"description\":\"Vid\u00e9os d\u2019Imbalstudi : pour d\u00e9couvrir notre engagement envers l\u2019innovation et l\u2019excellence dans l\u2019emballage industriel et le moulage des plastiques.\",\"breadcrumb\":{\"@id\":\"https:\/\/imbalstudi.com\/fr\/section-media-videos\/#breadcrumb\"},\"inLanguage\":\"fr-FR\",\"potentialAction\":[{\"@type\":\"ReadAction\",\"target\":[\"https:\/\/imbalstudi.com\/fr\/section-media-videos\/\"]}]},{\"@type\":\"BreadcrumbList\",\"@id\":\"https:\/\/imbalstudi.com\/fr\/section-media-videos\/#breadcrumb\",\"itemListElement\":[{\"@type\":\"ListItem\",\"position\":1,\"name\":\"Home\",\"item\":\"https:\/\/imbalstudi.com\/fr\/\"},{\"@type\":\"ListItem\",\"position\":2,\"name\":\"Section M\u00e9dia \u2013 Vid\u00e9os\"}]},{\"@type\":\"WebSite\",\"@id\":\"https:\/\/imbalstudi.com\/#website\",\"url\":\"https:\/\/imbalstudi.com\/\",\"name\":\"Imbalstudi s.r.l\",\"description\":\"Packaging industriale e stampaggio materie plastiche su misura\",\"publisher\":{\"@id\":\"https:\/\/imbalstudi.com\/#organization\"},\"potentialAction\":[{\"@type\":\"SearchAction\",\"target\":{\"@type\":\"EntryPoint\",\"urlTemplate\":\"https:\/\/imbalstudi.com\/?s={search_term_string}\"},\"query-input\":{\"@type\":\"PropertyValueSpecification\",\"valueRequired\":true,\"valueName\":\"search_term_string\"}}],\"inLanguage\":\"fr-FR\"},{\"@type\":\"Organization\",\"@id\":\"https:\/\/imbalstudi.com\/#organization\",\"name\":\"Imbalstudi s.r.l\",\"url\":\"https:\/\/imbalstudi.com\/\",\"logo\":{\"@type\":\"ImageObject\",\"inLanguage\":\"fr-FR\",\"@id\":\"https:\/\/imbalstudi.com\/#\/schema\/logo\/image\/\",\"url\":\"https:\/\/imbalstudi.com\/wp-content\/uploads\/2025\/02\/logo-Imbalstudi-blue-nuovo_IM-Logo-Col.-Grande.png\",\"contentUrl\":\"https:\/\/imbalstudi.com\/wp-content\/uploads\/2025\/02\/logo-Imbalstudi-blue-nuovo_IM-Logo-Col.-Grande.png\",\"width\":4186,\"height\":1081,\"caption\":\"Imbalstudi s.r.l\"},\"image\":{\"@id\":\"https:\/\/imbalstudi.com\/#\/schema\/logo\/image\/\"},\"sameAs\":[\"https:\/\/www.linkedin.com\/company\/imbalstudi\/\"]}]}<\/script>\n<!-- \/ Yoast SEO plugin. -->","yoast_head_json":{"title":"Area Media - Les vid\u00e9o d'Imbalstudi","description":"Vid\u00e9os d\u2019Imbalstudi : pour d\u00e9couvrir notre engagement envers l\u2019innovation et l\u2019excellence dans l\u2019emballage industriel et le moulage des plastiques.","robots":{"index":"index","follow":"follow","max-snippet":"max-snippet:-1","max-image-preview":"max-image-preview:large","max-video-preview":"max-video-preview:-1"},"canonical":"https:\/\/imbalstudi.com\/fr\/section-media-videos\/","og_locale":"fr_FR","og_type":"article","og_title":"Area Media - Les vid\u00e9o d'Imbalstudi","og_description":"Vid\u00e9os d\u2019Imbalstudi : pour d\u00e9couvrir notre engagement envers l\u2019innovation et l\u2019excellence dans l\u2019emballage industriel et le moulage des plastiques.","og_url":"https:\/\/imbalstudi.com\/fr\/section-media-videos\/","og_site_name":"Imbalstudi s.r.l","article_modified_time":"2025-09-02T13:36:13+00:00","og_image":[{"width":1200,"height":600,"url":"https:\/\/imbalstudi.com\/wp-content\/uploads\/2025\/06\/Screenshot-2025-06-02-alle-12.42.59.png","type":"image\/png"}],"twitter_card":"summary_large_image","twitter_misc":{"Dur\u00e9e de lecture estim\u00e9e":"2 minutes"},"schema":{"@context":"https:\/\/schema.org","@graph":[{"@type":"WebPage","@id":"https:\/\/imbalstudi.com\/fr\/section-media-videos\/","url":"https:\/\/imbalstudi.com\/fr\/section-media-videos\/","name":"Area Media - Les vid\u00e9o d'Imbalstudi","isPartOf":{"@id":"https:\/\/imbalstudi.com\/#website"},"datePublished":"2025-06-27T08:25:08+00:00","dateModified":"2025-09-02T13:36:13+00:00","description":"Vid\u00e9os d\u2019Imbalstudi : pour d\u00e9couvrir notre engagement envers l\u2019innovation et l\u2019excellence dans l\u2019emballage industriel et le moulage des plastiques.","breadcrumb":{"@id":"https:\/\/imbalstudi.com\/fr\/section-media-videos\/#breadcrumb"},"inLanguage":"fr-FR","potentialAction":[{"@type":"ReadAction","target":["https:\/\/imbalstudi.com\/fr\/section-media-videos\/"]}]},{"@type":"BreadcrumbList","@id":"https:\/\/imbalstudi.com\/fr\/section-media-videos\/#breadcrumb","itemListElement":[{"@type":"ListItem","position":1,"name":"Home","item":"https:\/\/imbalstudi.com\/fr\/"},{"@type":"ListItem","position":2,"name":"Section M\u00e9dia \u2013 Vid\u00e9os"}]},{"@type":"WebSite","@id":"https:\/\/imbalstudi.com\/#website","url":"https:\/\/imbalstudi.com\/","name":"Imbalstudi s.r.l","description":"Packaging industriale e stampaggio materie plastiche su misura","publisher":{"@id":"https:\/\/imbalstudi.com\/#organization"},"potentialAction":[{"@type":"SearchAction","target":{"@type":"EntryPoint","urlTemplate":"https:\/\/imbalstudi.com\/?s={search_term_string}"},"query-input":{"@type":"PropertyValueSpecification","valueRequired":true,"valueName":"search_term_string"}}],"inLanguage":"fr-FR"},{"@type":"Organization","@id":"https:\/\/imbalstudi.com\/#organization","name":"Imbalstudi s.r.l","url":"https:\/\/imbalstudi.com\/","logo":{"@type":"ImageObject","inLanguage":"fr-FR","@id":"https:\/\/imbalstudi.com\/#\/schema\/logo\/image\/","url":"https:\/\/imbalstudi.com\/wp-content\/uploads\/2025\/02\/logo-Imbalstudi-blue-nuovo_IM-Logo-Col.-Grande.png","contentUrl":"https:\/\/imbalstudi.com\/wp-content\/uploads\/2025\/02\/logo-Imbalstudi-blue-nuovo_IM-Logo-Col.-Grande.png","width":4186,"height":1081,"caption":"Imbalstudi s.r.l"},"image":{"@id":"https:\/\/imbalstudi.com\/#\/schema\/logo\/image\/"},"sameAs":["https:\/\/www.linkedin.com\/company\/imbalstudi\/"]}]}},"_links":{"self":[{"href":"https:\/\/imbalstudi.com\/fr\/wp-json\/wp\/v2\/pages\/4994","targetHints":{"allow":["GET"]}}],"collection":[{"href":"https:\/\/imbalstudi.com\/fr\/wp-json\/wp\/v2\/pages"}],"about":[{"href":"https:\/\/imbalstudi.com\/fr\/wp-json\/wp\/v2\/types\/page"}],"author":[{"embeddable":true,"href":"https:\/\/imbalstudi.com\/fr\/wp-json\/wp\/v2\/users\/1"}],"replies":[{"embeddable":true,"href":"https:\/\/imbalstudi.com\/fr\/wp-json\/wp\/v2\/comments?post=4994"}],"version-history":[{"count":5,"href":"https:\/\/imbalstudi.com\/fr\/wp-json\/wp\/v2\/pages\/4994\/revisions"}],"predecessor-version":[{"id":5528,"href":"https:\/\/imbalstudi.com\/fr\/wp-json\/wp\/v2\/pages\/4994\/revisions\/5528"}],"wp:attachment":[{"href":"https:\/\/imbalstudi.com\/fr\/wp-json\/wp\/v2\/media?parent=4994"}],"curies":[{"name":"wp","href":"https:\/\/api.w.org\/{rel}","templated":true}]}}