{"id":4997,"date":"2025-06-27T08:25:08","date_gmt":"2025-06-27T08:25:08","guid":{"rendered":"https:\/\/imbalstudi.com\/seccion-de-medios-videos\/"},"modified":"2025-09-02T13:36:50","modified_gmt":"2025-09-02T13:36:50","slug":"seccion-de-medios-videos","status":"publish","type":"page","link":"https:\/\/imbalstudi.com\/es\/seccion-de-medios-videos\/","title":{"rendered":"Secci\u00f3n de Medios \u2013 Videos"},"content":{"rendered":"<p><div class=\"fusion-fullwidth fullwidth-box fusion-builder-row-1 fusion-flex-container has-pattern-background has-mask-background nonhundred-percent-fullwidth non-hundred-percent-height-scrolling\" style=\"--awb-border-radius-top-left:0px;--awb-border-radius-top-right:0px;--awb-border-radius-bottom-right:0px;--awb-border-radius-bottom-left:0px;--awb-margin-top:50px;--awb-flex-wrap:wrap;\" ><div class=\"fusion-builder-row fusion-row fusion-flex-align-items-flex-start fusion-flex-justify-content-center fusion-flex-content-wrap\" style=\"max-width:1393.6px;margin-left: calc(-4% \/ 2 );margin-right: calc(-4% \/ 2 );\"><div class=\"fusion-layout-column fusion_builder_column fusion-builder-column-0 fusion_builder_column_1_1 1_1 fusion-flex-column\" style=\"--awb-padding-right:20px;--awb-padding-left:20px;--awb-bg-size:cover;--awb-width-large:100%;--awb-margin-top-large:0px;--awb-spacing-right-large:1.92%;--awb-margin-bottom-large:60px;--awb-spacing-left-large:1.92%;--awb-width-medium:100%;--awb-order-medium:0;--awb-spacing-right-medium:1.92%;--awb-spacing-left-medium:1.92%;--awb-width-small:100%;--awb-order-small:0;--awb-spacing-right-small:1.92%;--awb-spacing-left-small:1.92%;\"><div class=\"fusion-column-wrapper fusion-column-has-shadow fusion-flex-justify-content-flex-start fusion-content-layout-column\"><div class=\"fusion-builder-row fusion-builder-row-inner fusion-row fusion-flex-align-items-flex-start fusion-flex-justify-content-center fusion-flex-content-wrap\" style=\"width:104% !important;max-width:104% !important;margin-left: calc(-4% \/ 2 );margin-right: calc(-4% \/ 2 );\"><div class=\"fusion-layout-column fusion_builder_column_inner fusion-builder-nested-column-0 fusion_builder_column_inner_1_1 1_1 fusion-flex-column\" style=\"--awb-bg-size:cover;--awb-width-large:100%;--awb-margin-top-large:0px;--awb-spacing-right-large:1.92%;--awb-margin-bottom-large:0px;--awb-spacing-left-large:1.92%;--awb-width-medium:100%;--awb-order-medium:0;--awb-spacing-right-medium:1.92%;--awb-spacing-left-medium:1.92%;--awb-width-small:100%;--awb-order-small:0;--awb-spacing-right-small:1.92%;--awb-spacing-left-small:1.92%;\"><div class=\"fusion-column-wrapper fusion-column-has-shadow fusion-flex-justify-content-center fusion-content-layout-row\"><div class=\"fusion-image-element \" style=\"--awb-max-width:40px;--awb-caption-title-font-family:var(--h2_typography-font-family);--awb-caption-title-font-weight:var(--h2_typography-font-weight);--awb-caption-title-font-style:var(--h2_typography-font-style);--awb-caption-title-size:var(--h2_typography-font-size);--awb-caption-title-transform:var(--h2_typography-text-transform);--awb-caption-title-line-height:var(--h2_typography-line-height);--awb-caption-title-letter-spacing:var(--h2_typography-letter-spacing);\"><span class=\" fusion-imageframe imageframe-none imageframe-1 hover-type-none\"><img decoding=\"async\" width=\"369\" height=\"335\" alt=\"logo Imbalstudi blue nuovo \" title=\"logo Imbalstudi blue nuovo\" src=\"https:\/\/imbalstudi.com\/wp-content\/uploads\/2025\/02\/logo-Imbalstudi-blue-nuovo_Logo-IM-Col.02.png\" data-orig-src=\"https:\/\/imbalstudi.com\/wp-content\/uploads\/2025\/02\/logo-Imbalstudi-blue-nuovo_Logo-IM-Col.02.png\" class=\"lazyload img-responsive wp-image-4144\" srcset=\"data:image\/svg+xml,%3Csvg%20xmlns%3D%27http%3A%2F%2Fwww.w3.org%2F2000%2Fsvg%27%20width%3D%27369%27%20height%3D%27335%27%20viewBox%3D%270%200%20369%20335%27%3E%3Crect%20width%3D%27369%27%20height%3D%27335%27%20fill-opacity%3D%220%22%2F%3E%3C%2Fsvg%3E\" data-srcset=\"https:\/\/imbalstudi.com\/wp-content\/uploads\/2025\/02\/logo-Imbalstudi-blue-nuovo_Logo-IM-Col.02-200x182.png 200w, https:\/\/imbalstudi.com\/wp-content\/uploads\/2025\/02\/logo-Imbalstudi-blue-nuovo_Logo-IM-Col.02.png 369w\" data-sizes=\"auto\" data-orig-sizes=\"(max-width: 800px) 100vw, 369px\" \/><\/span><\/div><div class=\"fusion-text fusion-text-1\" style=\"--awb-font-size:var(--awb-typography2-font-size);--awb-line-height:var(--awb-typography2-line-height);--awb-letter-spacing:var(--awb-typography2-letter-spacing);--awb-text-transform:var(--awb-typography2-text-transform);--awb-text-font-family:var(--awb-typography2-font-family);--awb-text-font-weight:var(--awb-typography2-font-weight);--awb-text-font-style:var(--awb-typography2-font-style);\"><p>VIDEOS \u2013 \u00c1rea de Medios<\/p>\n<\/div><\/div><\/div><\/div><div class=\"fusion-title title fusion-title-1 fusion-sep-none fusion-title-center fusion-title-text fusion-title-size-three\"><h3 class=\"fusion-title-heading title-heading-center\" style=\"margin:0;text-transform:capitalize;line-height:1.5;\">La Biblioteca de Videos de Imbalstudi<\/h3><\/div><div class=\"fusion-text fusion-text-2\"><p>\u00a1Bienvenidos a la galer\u00eda multimedia de Imbalstudi!<br \/>\nAqu\u00ed podr\u00e1n explorar una selecci\u00f3n de videos que reflejan nuestro compromiso con la innovaci\u00f3n y la excelencia en el packaging industrial y el moldeo de pl\u00e1sticos. D\u00e9jese inspirar por nuestra galer\u00eda multimedia y cont\u00e1ctenos para conocer m\u00e1s sobre c\u00f3mo Imbalstudi puede ayudarle a hacer realidad sus proyectos.<\/p>\n<\/div><\/div><\/div><\/div><\/div><div class=\"fusion-fullwidth fullwidth-box fusion-builder-row-2 fusion-flex-container has-pattern-background has-mask-background nonhundred-percent-fullwidth non-hundred-percent-height-scrolling\" style=\"--awb-border-radius-top-left:0px;--awb-border-radius-top-right:0px;--awb-border-radius-bottom-right:0px;--awb-border-radius-bottom-left:0px;--awb-margin-bottom:50px;--awb-flex-wrap:wrap;\" ><div class=\"fusion-builder-row fusion-row fusion-flex-align-items-flex-start fusion-flex-content-wrap\" style=\"max-width:1393.6px;margin-left: calc(-4% \/ 2 );margin-right: calc(-4% \/ 2 );\"><div class=\"fusion-layout-column fusion_builder_column fusion-builder-column-1 fusion_builder_column_1_2 1_2 fusion-flex-column fusion-flex-align-self-stretch\" style=\"--awb-overflow:hidden;--awb-bg-size:cover;--awb-box-shadow:0px 0px 25px 15px rgba(34,34,34,0.18);;--awb-border-color:var(--awb-color3);--awb-border-top:1px;--awb-border-right:1px;--awb-border-bottom:1px;--awb-border-left:1px;--awb-border-style:solid;--awb-border-radius:15px 15px 15px 15px;--awb-width-large:50%;--awb-margin-top-large:0px;--awb-spacing-right-large:3.84%;--awb-margin-bottom-large:20px;--awb-spacing-left-large:3.84%;--awb-width-medium:50%;--awb-order-medium:0;--awb-spacing-right-medium:3.84%;--awb-spacing-left-medium:3.84%;--awb-width-small:100%;--awb-order-small:0;--awb-spacing-right-small:1.92%;--awb-spacing-left-small:1.92%;\" data-scroll-devices=\"small-visibility,medium-visibility,large-visibility\"><div class=\"fusion-column-wrapper fusion-column-has-shadow fusion-flex-justify-content-flex-start fusion-content-layout-column\"><div class=\"fusion-video fusion-vimeo\" style=\"--awb-max-width:600px;--awb-max-height:360px;--awb-align-self:center;--awb-width:100%;--awb-margin-top:10px;--awb-margin-bottom:10px;\"><div class=\"video-shortcode\"><div class=\"fluid-width-video-wrapper\" style=\"padding-top:60%;\" ><iframe class=\"lazyload\" title=\"Vimeo video player 1\" src=\"data:image\/svg+xml,%3Csvg%20xmlns%3D%27http%3A%2F%2Fwww.w3.org%2F2000%2Fsvg%27%20width%3D%27600%27%20height%3D%27360%27%20viewBox%3D%270%200%20600%20360%27%3E%3Crect%20width%3D%27600%27%20height%3D%27360%27%20fill-opacity%3D%220%22%2F%3E%3C%2Fsvg%3E\" data-orig-src=\"https:\/\/player.vimeo.com\/video\/1082898483?autoplay=0&amp;autopause=0\" width=\"600\" height=\"360\" allowfullscreen allow=\"autoplay; fullscreen\"><\/iframe><\/div><\/div><\/div><div class=\"fusion-builder-row fusion-builder-row-inner fusion-row fusion-flex-align-items-flex-start fusion-flex-content-wrap\" style=\"width:104% !important;max-width:104% !important;margin-left: calc(-4% \/ 2 );margin-right: calc(-4% \/ 2 );\"><div class=\"fusion-layout-column fusion_builder_column_inner fusion-builder-nested-column-1 fusion_builder_column_inner_1_1 1_1 fusion-flex-column\" style=\"--awb-padding-top:10px;--awb-padding-right:45px;--awb-padding-bottom:45px;--awb-padding-left:45px;--awb-bg-size:cover;--awb-width-large:100%;--awb-margin-top-large:0px;--awb-spacing-right-large:1.92%;--awb-margin-bottom-large:20px;--awb-spacing-left-large:1.92%;--awb-width-medium:100%;--awb-order-medium:0;--awb-spacing-right-medium:1.92%;--awb-spacing-left-medium:1.92%;--awb-width-small:100%;--awb-order-small:0;--awb-spacing-right-small:1.92%;--awb-spacing-left-small:1.92%;\" data-scroll-devices=\"small-visibility,medium-visibility,large-visibility\"><div class=\"fusion-column-wrapper fusion-column-has-shadow fusion-flex-justify-content-flex-start fusion-content-layout-column\"><div class=\"fusion-title title fusion-title-2 fusion-sep-none fusion-title-text fusion-title-size-div\" style=\"--awb-text-color:var(--awb-color5);\"><div class=\"fusion-title-heading title-heading-left title-heading-tag\" style=\"font-family:&quot;Rubik&quot;;font-style:normal;font-weight:600;margin:0;text-transform:uppercase;\"><i class=\"fas fa-video\"><\/i> Video<\/div><\/div><div class=\"fusion-title title fusion-title-3 fusion-sep-none fusion-title-text fusion-title-size-five\"><h5 class=\"fusion-title-heading title-heading-left\" style=\"margin:0;text-transform:capitalize;\">Una gu\u00eda para nuestro nuevo sitio web<\/h5><\/div><div class=\"fusion-text fusion-text-3\"><p>\u00bfAcabas de empezar a navegar por el nuevo sitio web de Imbalstudi? Aqu\u00ed tienes una breve gu\u00eda con todas las novedades.<\/p>\n<\/div><\/div><\/div><\/div><\/div><\/div><div class=\"fusion-layout-column fusion_builder_column fusion-builder-column-2 fusion_builder_column_1_2 1_2 fusion-flex-column fusion-flex-align-self-stretch\" style=\"--awb-overflow:hidden;--awb-bg-size:cover;--awb-box-shadow:0px 0px 25px 15px rgba(34,34,34,0.18);;--awb-border-color:var(--awb-color3);--awb-border-top:1px;--awb-border-right:1px;--awb-border-bottom:1px;--awb-border-left:1px;--awb-border-style:solid;--awb-border-radius:15px 15px 15px 15px;--awb-width-large:50%;--awb-margin-top-large:0px;--awb-spacing-right-large:3.84%;--awb-margin-bottom-large:20px;--awb-spacing-left-large:3.84%;--awb-width-medium:50%;--awb-order-medium:0;--awb-spacing-right-medium:3.84%;--awb-spacing-left-medium:3.84%;--awb-width-small:100%;--awb-order-small:0;--awb-spacing-right-small:1.92%;--awb-spacing-left-small:1.92%;\" data-scroll-devices=\"small-visibility,medium-visibility,large-visibility\"><div class=\"fusion-column-wrapper fusion-column-has-shadow fusion-flex-justify-content-flex-start fusion-content-layout-column\"><div class=\"fusion-video fusion-vimeo\" style=\"--awb-max-width:600px;--awb-max-height:360px;--awb-align-self:center;--awb-width:100%;--awb-margin-top:10px;--awb-margin-bottom:10px;\"><div class=\"video-shortcode\"><div class=\"fluid-width-video-wrapper\" style=\"padding-top:60%;\" ><iframe class=\"lazyload\" title=\"Vimeo video player 2\" src=\"data:image\/svg+xml,%3Csvg%20xmlns%3D%27http%3A%2F%2Fwww.w3.org%2F2000%2Fsvg%27%20width%3D%27600%27%20height%3D%27360%27%20viewBox%3D%270%200%20600%20360%27%3E%3Crect%20width%3D%27600%27%20height%3D%27360%27%20fill-opacity%3D%220%22%2F%3E%3C%2Fsvg%3E\" data-orig-src=\"https:\/\/player.vimeo.com\/video\/1071735474?autoplay=0&amp;autopause=0\" width=\"600\" height=\"360\" allowfullscreen allow=\"autoplay; fullscreen\"><\/iframe><\/div><\/div><\/div><div class=\"fusion-builder-row fusion-builder-row-inner fusion-row fusion-flex-align-items-flex-start fusion-flex-content-wrap\" style=\"width:104% !important;max-width:104% !important;margin-left: calc(-4% \/ 2 );margin-right: calc(-4% \/ 2 );\"><div class=\"fusion-layout-column fusion_builder_column_inner fusion-builder-nested-column-2 fusion_builder_column_inner_1_1 1_1 fusion-flex-column\" style=\"--awb-padding-top:10px;--awb-padding-right:45px;--awb-padding-bottom:45px;--awb-padding-left:45px;--awb-bg-size:cover;--awb-width-large:100%;--awb-margin-top-large:0px;--awb-spacing-right-large:1.92%;--awb-margin-bottom-large:20px;--awb-spacing-left-large:1.92%;--awb-width-medium:100%;--awb-order-medium:0;--awb-spacing-right-medium:1.92%;--awb-spacing-left-medium:1.92%;--awb-width-small:100%;--awb-order-small:0;--awb-spacing-right-small:1.92%;--awb-spacing-left-small:1.92%;\" data-scroll-devices=\"small-visibility,medium-visibility,large-visibility\"><div class=\"fusion-column-wrapper fusion-column-has-shadow fusion-flex-justify-content-flex-start fusion-content-layout-column\"><div class=\"fusion-title title fusion-title-4 fusion-sep-none fusion-title-text fusion-title-size-div\" style=\"--awb-text-color:var(--awb-color5);\"><div class=\"fusion-title-heading title-heading-left title-heading-tag\" style=\"font-family:&quot;Rubik&quot;;font-style:normal;font-weight:600;margin:0;text-transform:uppercase;\"><i class=\"fas fa-video\"><\/i> Video<\/div><\/div><div class=\"fusion-title title fusion-title-5 fusion-sep-none fusion-title-text fusion-title-size-five\"><h5 class=\"fusion-title-heading title-heading-left\" style=\"margin:0;text-transform:capitalize;\">Felices Pascuas de parte de Imbalstudi<\/h5><\/div><div class=\"fusion-text fusion-text-4\"><p>Tambi\u00e9n este a\u00f1o, la Pascua es la ocasi\u00f3n perfecta para detenerse un momento y mirar al futuro<br \/>\ncon renovada energ\u00eda.<\/p>\n<\/div><\/div><\/div><\/div><\/div><\/div><div class=\"fusion-layout-column fusion_builder_column fusion-builder-column-3 fusion_builder_column_1_2 1_2 fusion-flex-column fusion-flex-align-self-stretch\" style=\"--awb-overflow:hidden;--awb-bg-size:cover;--awb-box-shadow:0px 0px 25px 15px rgba(34,34,34,0.18);;--awb-border-color:var(--awb-color3);--awb-border-top:1px;--awb-border-right:1px;--awb-border-bottom:1px;--awb-border-left:1px;--awb-border-style:solid;--awb-border-radius:15px 15px 15px 15px;--awb-width-large:50%;--awb-margin-top-large:0px;--awb-spacing-right-large:3.84%;--awb-margin-bottom-large:20px;--awb-spacing-left-large:3.84%;--awb-width-medium:50%;--awb-order-medium:0;--awb-spacing-right-medium:3.84%;--awb-spacing-left-medium:3.84%;--awb-width-small:100%;--awb-order-small:0;--awb-spacing-right-small:1.92%;--awb-spacing-left-small:1.92%;\" data-scroll-devices=\"small-visibility,medium-visibility,large-visibility\"><div class=\"fusion-column-wrapper fusion-column-has-shadow fusion-flex-justify-content-flex-start fusion-content-layout-column\"><div class=\"fusion-video fusion-vimeo\" style=\"--awb-max-width:600px;--awb-max-height:360px;--awb-align-self:center;--awb-width:100%;--awb-margin-top:10px;\"><div class=\"video-shortcode\"><div class=\"fluid-width-video-wrapper\" style=\"padding-top:60%;\" ><iframe class=\"lazyload\" title=\"Vimeo video player 3\" src=\"data:image\/svg+xml,%3Csvg%20xmlns%3D%27http%3A%2F%2Fwww.w3.org%2F2000%2Fsvg%27%20width%3D%27600%27%20height%3D%27360%27%20viewBox%3D%270%200%20600%20360%27%3E%3Crect%20width%3D%27600%27%20height%3D%27360%27%20fill-opacity%3D%220%22%2F%3E%3C%2Fsvg%3E\" data-orig-src=\"https:\/\/player.vimeo.com\/video\/1058550976?autoplay=0&amp;autopause=0\" width=\"600\" height=\"360\" allowfullscreen allow=\"autoplay; fullscreen\"><\/iframe><\/div><\/div><\/div><div class=\"fusion-builder-row fusion-builder-row-inner fusion-row fusion-flex-align-items-flex-start fusion-flex-content-wrap\" style=\"width:104% !important;max-width:104% !important;margin-left: calc(-4% \/ 2 );margin-right: calc(-4% \/ 2 );\"><div class=\"fusion-layout-column fusion_builder_column_inner fusion-builder-nested-column-3 fusion_builder_column_inner_1_1 1_1 fusion-flex-column\" style=\"--awb-padding-top:10px;--awb-padding-right:45px;--awb-padding-bottom:45px;--awb-padding-left:45px;--awb-bg-size:cover;--awb-width-large:100%;--awb-margin-top-large:0px;--awb-spacing-right-large:1.92%;--awb-margin-bottom-large:20px;--awb-spacing-left-large:1.92%;--awb-width-medium:100%;--awb-order-medium:0;--awb-spacing-right-medium:1.92%;--awb-spacing-left-medium:1.92%;--awb-width-small:100%;--awb-order-small:0;--awb-spacing-right-small:1.92%;--awb-spacing-left-small:1.92%;\" data-scroll-devices=\"small-visibility,medium-visibility,large-visibility\"><div class=\"fusion-column-wrapper fusion-column-has-shadow fusion-flex-justify-content-flex-start fusion-content-layout-column\"><div class=\"fusion-title title fusion-title-6 fusion-sep-none fusion-title-text fusion-title-size-div\" style=\"--awb-text-color:var(--awb-color5);\"><div class=\"fusion-title-heading title-heading-left title-heading-tag\" style=\"font-family:&quot;Rubik&quot;;font-style:normal;font-weight:600;margin:0;text-transform:uppercase;\"><i class=\"fas fa-video\"><\/i> Video<\/div><\/div><div class=\"fusion-title title fusion-title-7 fusion-sep-none fusion-title-text fusion-title-size-five\"><h5 class=\"fusion-title-heading title-heading-left\" style=\"margin:0;text-transform:capitalize;\">A&amp;T 2025, Tur\u00edn \u2013 Presencia de Imbalstudi<\/h5><\/div><div class=\"fusion-text fusion-text-5\"><p>Un breve video que resume las impresiones de nuestra presencia en esta importante feria para la ciudad<br \/>\nde Tur\u00edn.<\/p>\n<\/div><\/div><\/div><\/div><\/div><\/div><\/div><\/div><\/p>\n","protected":false},"excerpt":{"rendered":"","protected":false},"author":1,"featured_media":0,"parent":0,"menu_order":0,"comment_status":"closed","ping_status":"closed","template":"100-width.php","meta":{"footnotes":""},"class_list":["post-4997","page","type-page","status-publish","hentry"],"yoast_head":"<!-- This site is optimized with the Yoast SEO plugin v26.9 - https:\/\/yoast.com\/product\/yoast-seo-wordpress\/ -->\n<title>Area Media - Los videos de Imbalstudi<\/title>\n<meta name=\"description\" content=\"Videos de Imbalstudi: para ver nuestro compromiso con la innovaci\u00f3n y la excelencia en el embalaje industrial y el moldeo de pl\u00e1sticos.\" \/>\n<meta name=\"robots\" content=\"index, follow, max-snippet:-1, max-image-preview:large, max-video-preview:-1\" \/>\n<link rel=\"canonical\" href=\"https:\/\/imbalstudi.com\/es\/seccion-de-medios-videos\/\" \/>\n<meta property=\"og:locale\" content=\"es_ES\" \/>\n<meta property=\"og:type\" content=\"article\" \/>\n<meta property=\"og:title\" content=\"Area Media - Los videos de Imbalstudi\" \/>\n<meta property=\"og:description\" content=\"Videos de Imbalstudi: para ver nuestro compromiso con la innovaci\u00f3n y la excelencia en el embalaje industrial y el moldeo de pl\u00e1sticos.\" \/>\n<meta property=\"og:url\" content=\"https:\/\/imbalstudi.com\/es\/seccion-de-medios-videos\/\" \/>\n<meta property=\"og:site_name\" content=\"Imbalstudi s.r.l\" \/>\n<meta property=\"article:modified_time\" content=\"2025-09-02T13:36:50+00:00\" \/>\n<meta property=\"og:image\" content=\"https:\/\/imbalstudi.com\/wp-content\/uploads\/2025\/06\/Screenshot-2025-06-02-alle-12.42.59.png\" \/>\n\t<meta property=\"og:image:width\" content=\"1200\" \/>\n\t<meta property=\"og:image:height\" content=\"600\" \/>\n\t<meta property=\"og:image:type\" content=\"image\/png\" \/>\n<meta name=\"twitter:card\" content=\"summary_large_image\" \/>\n<meta name=\"twitter:label1\" content=\"Tiempo de lectura\" \/>\n\t<meta name=\"twitter:data1\" content=\"2 minutos\" \/>\n<script type=\"application\/ld+json\" class=\"yoast-schema-graph\">{\"@context\":\"https:\/\/schema.org\",\"@graph\":[{\"@type\":\"WebPage\",\"@id\":\"https:\/\/imbalstudi.com\/es\/seccion-de-medios-videos\/\",\"url\":\"https:\/\/imbalstudi.com\/es\/seccion-de-medios-videos\/\",\"name\":\"Area Media - Los videos de Imbalstudi\",\"isPartOf\":{\"@id\":\"https:\/\/imbalstudi.com\/#website\"},\"datePublished\":\"2025-06-27T08:25:08+00:00\",\"dateModified\":\"2025-09-02T13:36:50+00:00\",\"description\":\"Videos de Imbalstudi: para ver nuestro compromiso con la innovaci\u00f3n y la excelencia en el embalaje industrial y el moldeo de pl\u00e1sticos.\",\"breadcrumb\":{\"@id\":\"https:\/\/imbalstudi.com\/es\/seccion-de-medios-videos\/#breadcrumb\"},\"inLanguage\":\"es\",\"potentialAction\":[{\"@type\":\"ReadAction\",\"target\":[\"https:\/\/imbalstudi.com\/es\/seccion-de-medios-videos\/\"]}]},{\"@type\":\"BreadcrumbList\",\"@id\":\"https:\/\/imbalstudi.com\/es\/seccion-de-medios-videos\/#breadcrumb\",\"itemListElement\":[{\"@type\":\"ListItem\",\"position\":1,\"name\":\"Home\",\"item\":\"https:\/\/imbalstudi.com\/es\/\"},{\"@type\":\"ListItem\",\"position\":2,\"name\":\"Secci\u00f3n de Medios \u2013 Videos\"}]},{\"@type\":\"WebSite\",\"@id\":\"https:\/\/imbalstudi.com\/#website\",\"url\":\"https:\/\/imbalstudi.com\/\",\"name\":\"Imbalstudi s.r.l\",\"description\":\"Packaging industriale e stampaggio materie plastiche su misura\",\"publisher\":{\"@id\":\"https:\/\/imbalstudi.com\/#organization\"},\"potentialAction\":[{\"@type\":\"SearchAction\",\"target\":{\"@type\":\"EntryPoint\",\"urlTemplate\":\"https:\/\/imbalstudi.com\/?s={search_term_string}\"},\"query-input\":{\"@type\":\"PropertyValueSpecification\",\"valueRequired\":true,\"valueName\":\"search_term_string\"}}],\"inLanguage\":\"es\"},{\"@type\":\"Organization\",\"@id\":\"https:\/\/imbalstudi.com\/#organization\",\"name\":\"Imbalstudi s.r.l\",\"url\":\"https:\/\/imbalstudi.com\/\",\"logo\":{\"@type\":\"ImageObject\",\"inLanguage\":\"es\",\"@id\":\"https:\/\/imbalstudi.com\/#\/schema\/logo\/image\/\",\"url\":\"https:\/\/imbalstudi.com\/wp-content\/uploads\/2025\/02\/logo-Imbalstudi-blue-nuovo_IM-Logo-Col.-Grande.png\",\"contentUrl\":\"https:\/\/imbalstudi.com\/wp-content\/uploads\/2025\/02\/logo-Imbalstudi-blue-nuovo_IM-Logo-Col.-Grande.png\",\"width\":4186,\"height\":1081,\"caption\":\"Imbalstudi s.r.l\"},\"image\":{\"@id\":\"https:\/\/imbalstudi.com\/#\/schema\/logo\/image\/\"},\"sameAs\":[\"https:\/\/www.linkedin.com\/company\/imbalstudi\/\"]}]}<\/script>\n<!-- \/ Yoast SEO plugin. -->","yoast_head_json":{"title":"Area Media - Los videos de Imbalstudi","description":"Videos de Imbalstudi: para ver nuestro compromiso con la innovaci\u00f3n y la excelencia en el embalaje industrial y el moldeo de pl\u00e1sticos.","robots":{"index":"index","follow":"follow","max-snippet":"max-snippet:-1","max-image-preview":"max-image-preview:large","max-video-preview":"max-video-preview:-1"},"canonical":"https:\/\/imbalstudi.com\/es\/seccion-de-medios-videos\/","og_locale":"es_ES","og_type":"article","og_title":"Area Media - Los videos de Imbalstudi","og_description":"Videos de Imbalstudi: para ver nuestro compromiso con la innovaci\u00f3n y la excelencia en el embalaje industrial y el moldeo de pl\u00e1sticos.","og_url":"https:\/\/imbalstudi.com\/es\/seccion-de-medios-videos\/","og_site_name":"Imbalstudi s.r.l","article_modified_time":"2025-09-02T13:36:50+00:00","og_image":[{"width":1200,"height":600,"url":"https:\/\/imbalstudi.com\/wp-content\/uploads\/2025\/06\/Screenshot-2025-06-02-alle-12.42.59.png","type":"image\/png"}],"twitter_card":"summary_large_image","twitter_misc":{"Tiempo de lectura":"2 minutos"},"schema":{"@context":"https:\/\/schema.org","@graph":[{"@type":"WebPage","@id":"https:\/\/imbalstudi.com\/es\/seccion-de-medios-videos\/","url":"https:\/\/imbalstudi.com\/es\/seccion-de-medios-videos\/","name":"Area Media - Los videos de Imbalstudi","isPartOf":{"@id":"https:\/\/imbalstudi.com\/#website"},"datePublished":"2025-06-27T08:25:08+00:00","dateModified":"2025-09-02T13:36:50+00:00","description":"Videos de Imbalstudi: para ver nuestro compromiso con la innovaci\u00f3n y la excelencia en el embalaje industrial y el moldeo de pl\u00e1sticos.","breadcrumb":{"@id":"https:\/\/imbalstudi.com\/es\/seccion-de-medios-videos\/#breadcrumb"},"inLanguage":"es","potentialAction":[{"@type":"ReadAction","target":["https:\/\/imbalstudi.com\/es\/seccion-de-medios-videos\/"]}]},{"@type":"BreadcrumbList","@id":"https:\/\/imbalstudi.com\/es\/seccion-de-medios-videos\/#breadcrumb","itemListElement":[{"@type":"ListItem","position":1,"name":"Home","item":"https:\/\/imbalstudi.com\/es\/"},{"@type":"ListItem","position":2,"name":"Secci\u00f3n de Medios \u2013 Videos"}]},{"@type":"WebSite","@id":"https:\/\/imbalstudi.com\/#website","url":"https:\/\/imbalstudi.com\/","name":"Imbalstudi s.r.l","description":"Packaging industriale e stampaggio materie plastiche su misura","publisher":{"@id":"https:\/\/imbalstudi.com\/#organization"},"potentialAction":[{"@type":"SearchAction","target":{"@type":"EntryPoint","urlTemplate":"https:\/\/imbalstudi.com\/?s={search_term_string}"},"query-input":{"@type":"PropertyValueSpecification","valueRequired":true,"valueName":"search_term_string"}}],"inLanguage":"es"},{"@type":"Organization","@id":"https:\/\/imbalstudi.com\/#organization","name":"Imbalstudi s.r.l","url":"https:\/\/imbalstudi.com\/","logo":{"@type":"ImageObject","inLanguage":"es","@id":"https:\/\/imbalstudi.com\/#\/schema\/logo\/image\/","url":"https:\/\/imbalstudi.com\/wp-content\/uploads\/2025\/02\/logo-Imbalstudi-blue-nuovo_IM-Logo-Col.-Grande.png","contentUrl":"https:\/\/imbalstudi.com\/wp-content\/uploads\/2025\/02\/logo-Imbalstudi-blue-nuovo_IM-Logo-Col.-Grande.png","width":4186,"height":1081,"caption":"Imbalstudi s.r.l"},"image":{"@id":"https:\/\/imbalstudi.com\/#\/schema\/logo\/image\/"},"sameAs":["https:\/\/www.linkedin.com\/company\/imbalstudi\/"]}]}},"_links":{"self":[{"href":"https:\/\/imbalstudi.com\/es\/wp-json\/wp\/v2\/pages\/4997","targetHints":{"allow":["GET"]}}],"collection":[{"href":"https:\/\/imbalstudi.com\/es\/wp-json\/wp\/v2\/pages"}],"about":[{"href":"https:\/\/imbalstudi.com\/es\/wp-json\/wp\/v2\/types\/page"}],"author":[{"embeddable":true,"href":"https:\/\/imbalstudi.com\/es\/wp-json\/wp\/v2\/users\/1"}],"replies":[{"embeddable":true,"href":"https:\/\/imbalstudi.com\/es\/wp-json\/wp\/v2\/comments?post=4997"}],"version-history":[{"count":7,"href":"https:\/\/imbalstudi.com\/es\/wp-json\/wp\/v2\/pages\/4997\/revisions"}],"predecessor-version":[{"id":5529,"href":"https:\/\/imbalstudi.com\/es\/wp-json\/wp\/v2\/pages\/4997\/revisions\/5529"}],"wp:attachment":[{"href":"https:\/\/imbalstudi.com\/es\/wp-json\/wp\/v2\/media?parent=4997"}],"curies":[{"name":"wp","href":"https:\/\/api.w.org\/{rel}","templated":true}]}}